{"id":52,"date":"2026-02-12T09:12:25","date_gmt":"2026-02-12T09:12:25","guid":{"rendered":"https:\/\/ipo2026.uw.edu.pl\/?page_id=52"},"modified":"2026-02-20T20:17:48","modified_gmt":"2026-02-20T20:17:48","slug":"about-us","status":"publish","type":"page","link":"https:\/\/ipo2026.uw.edu.pl\/?page_id=52","title":{"rendered":"ORGANIZERS"},"content":{"rendered":"\t\t<div data-elementor-type=\"wp-page\" data-elementor-id=\"52\" class=\"elementor elementor-52\">\n\t\t\t\t<div class=\"elementor-element elementor-element-1651026 e-flex e-con-boxed e-con e-parent\" data-id=\"1651026\" data-element_type=\"container\" data-e-type=\"container\">\n\t\t\t\t\t<div class=\"e-con-inner\">\n\t\t<div class=\"elementor-element elementor-element-ccbe6a1 e-flex e-con-boxed e-con e-child\" data-id=\"ccbe6a1\" data-element_type=\"container\" data-e-type=\"container\">\n\t\t\t\t\t<div class=\"e-con-inner\">\n\t\t\t\t<div class=\"elementor-element elementor-element-624c515 elementor-widget elementor-widget-image\" data-id=\"624c515\" data-element_type=\"widget\" data-e-type=\"widget\" data-widget_type=\"image.default\">\n\t\t\t\t\t\t\t\t\t\t\t\t\t\t\t<img fetchpriority=\"high\" decoding=\"async\" width=\"1695\" height=\"387\" src=\"https:\/\/ipo2026.uw.edu.pl\/wp-content\/uploads\/2026\/02\/5.png\" class=\"attachment-full size-full wp-image-30\" alt=\"\" srcset=\"https:\/\/ipo2026.uw.edu.pl\/wp-content\/uploads\/2026\/02\/5.png 1695w, https:\/\/ipo2026.uw.edu.pl\/wp-content\/uploads\/2026\/02\/5-300x68.png 300w, https:\/\/ipo2026.uw.edu.pl\/wp-content\/uploads\/2026\/02\/5-1024x234.png 1024w, https:\/\/ipo2026.uw.edu.pl\/wp-content\/uploads\/2026\/02\/5-768x175.png 768w, https:\/\/ipo2026.uw.edu.pl\/wp-content\/uploads\/2026\/02\/5-1536x351.png 1536w\" sizes=\"(max-width: 1695px) 100vw, 1695px\" \/>\t\t\t\t\t\t\t\t\t\t\t\t\t\t\t<\/div>\n\t\t\t\t\t<\/div>\n\t\t\t\t<\/div>\n\t\t\t\t\t<\/div>\n\t\t\t\t<\/div>\n\t\t<div class=\"elementor-element elementor-element-c5c7c96 e-flex e-con-boxed e-con e-parent\" data-id=\"c5c7c96\" data-element_type=\"container\" data-e-type=\"container\">\n\t\t\t\t\t<div class=\"e-con-inner\">\n\t\t<div class=\"elementor-element elementor-element-06ec335 e-con-full e-flex e-con e-child\" data-id=\"06ec335\" data-element_type=\"container\" data-e-type=\"container\">\n\t\t\t\t<div class=\"elementor-element elementor-element-c3c758d elementor-widget elementor-widget-heading\" data-id=\"c3c758d\" data-element_type=\"widget\" data-e-type=\"widget\" data-widget_type=\"heading.default\">\n\t\t\t\t\t<h2 class=\"elementor-heading-title elementor-size-default\">Organizers:<\/h2>\t\t\t\t<\/div>\n\t\t<div class=\"elementor-element elementor-element-445377b e-con-full e-grid e-con e-child\" data-id=\"445377b\" data-element_type=\"container\" data-e-type=\"container\">\n\t\t<div class=\"elementor-element elementor-element-9fa36b8 e-con-full e-flex e-con e-child\" data-id=\"9fa36b8\" data-element_type=\"container\" data-e-type=\"container\">\n\t\t\t\t<div class=\"elementor-element elementor-element-b349226 eael_liquid_glass_shadow-effect4 eael_liquid_glass-effect1 elementor-widget elementor-widget-image\" data-id=\"b349226\" data-element_type=\"widget\" data-e-type=\"widget\" data-widget_type=\"image.default\">\n\t\t\t\t\t\t\t\t\t\t\t\t\t\t\t\t<a href=\"http:\/\/ptfilozofia.pl\" target=\"_blank\">\n\t\t\t\t\t\t\t<img decoding=\"async\" width=\"704\" height=\"714\" src=\"https:\/\/ipo2026.uw.edu.pl\/wp-content\/uploads\/2026\/02\/infinity-symbol-svgrepo-com.png\" class=\"attachment-large size-large wp-image-55\" alt=\"\" srcset=\"https:\/\/ipo2026.uw.edu.pl\/wp-content\/uploads\/2026\/02\/infinity-symbol-svgrepo-com.png 704w, https:\/\/ipo2026.uw.edu.pl\/wp-content\/uploads\/2026\/02\/infinity-symbol-svgrepo-com-296x300.png 296w\" sizes=\"(max-width: 704px) 100vw, 704px\" \/>\t\t\t\t\t\t\t\t<\/a>\n\t\t\t\t\t\t\t\t\t\t\t\t\t\t\t<\/div>\n\t\t\t\t<\/div>\n\t\t<div class=\"elementor-element elementor-element-a4bbe15 e-con-full e-flex e-con e-child\" data-id=\"a4bbe15\" data-element_type=\"container\" data-e-type=\"container\">\n\t\t\t\t<div class=\"elementor-element elementor-element-30c6afb eael_liquid_glass_shadow-effect4 eael_liquid_glass-effect1 elementor-widget elementor-widget-image\" data-id=\"30c6afb\" data-element_type=\"widget\" data-e-type=\"widget\" data-widget_type=\"image.default\">\n\t\t\t\t\t\t\t\t\t\t\t\t\t\t\t\t<a href=\"https:\/\/filozofia.uw.edu.pl\/en\/\" target=\"_blank\">\n\t\t\t\t\t\t\t<img decoding=\"async\" width=\"1024\" height=\"1015\" src=\"https:\/\/ipo2026.uw.edu.pl\/wp-content\/uploads\/2026\/02\/logo_ANG_kolor_2-1024x1015.png\" class=\"attachment-large size-large wp-image-57\" alt=\"\" srcset=\"https:\/\/ipo2026.uw.edu.pl\/wp-content\/uploads\/2026\/02\/logo_ANG_kolor_2-1024x1015.png 1024w, https:\/\/ipo2026.uw.edu.pl\/wp-content\/uploads\/2026\/02\/logo_ANG_kolor_2-300x297.png 300w, https:\/\/ipo2026.uw.edu.pl\/wp-content\/uploads\/2026\/02\/logo_ANG_kolor_2-150x150.png 150w, https:\/\/ipo2026.uw.edu.pl\/wp-content\/uploads\/2026\/02\/logo_ANG_kolor_2-768x761.png 768w, https:\/\/ipo2026.uw.edu.pl\/wp-content\/uploads\/2026\/02\/logo_ANG_kolor_2.png 1242w\" sizes=\"(max-width: 1024px) 100vw, 1024px\" \/>\t\t\t\t\t\t\t\t<\/a>\n\t\t\t\t\t\t\t\t\t\t\t\t\t\t\t<\/div>\n\t\t\t\t<\/div>\n\t\t<div class=\"elementor-element elementor-element-ddcd923 e-con-full e-flex e-con e-child\" data-id=\"ddcd923\" data-element_type=\"container\" data-e-type=\"container\">\n\t\t\t\t<div class=\"elementor-element elementor-element-03d0953 eael_liquid_glass_shadow-effect4 eael_liquid_glass-effect1 elementor-widget elementor-widget-image\" data-id=\"03d0953\" data-element_type=\"widget\" data-e-type=\"widget\" data-widget_type=\"image.default\">\n\t\t\t\t\t\t\t\t\t\t\t\t\t\t\t\t<a href=\"https:\/\/en.uw.edu.pl\" target=\"_blank\">\n\t\t\t\t\t\t\t<img loading=\"lazy\" decoding=\"async\" width=\"656\" height=\"710\" src=\"https:\/\/ipo2026.uw.edu.pl\/wp-content\/uploads\/2026\/02\/EN_zwykly_monochromatyczny_okragly.png\" class=\"attachment-large size-large wp-image-56\" alt=\"\" srcset=\"https:\/\/ipo2026.uw.edu.pl\/wp-content\/uploads\/2026\/02\/EN_zwykly_monochromatyczny_okragly.png 656w, https:\/\/ipo2026.uw.edu.pl\/wp-content\/uploads\/2026\/02\/EN_zwykly_monochromatyczny_okragly-277x300.png 277w\" sizes=\"(max-width: 656px) 100vw, 656px\" \/>\t\t\t\t\t\t\t\t<\/a>\n\t\t\t\t\t\t\t\t\t\t\t\t\t\t\t<\/div>\n\t\t\t\t<\/div>\n\t\t\t\t<\/div>\n\t\t<div class=\"elementor-element elementor-element-f799714 e-con-full e-grid e-con e-child\" data-id=\"f799714\" data-element_type=\"container\" data-e-type=\"container\">\n\t\t<div class=\"elementor-element elementor-element-adce2ba e-con-full e-flex e-con e-child\" data-id=\"adce2ba\" data-element_type=\"container\" data-e-type=\"container\">\n\t\t\t\t<div class=\"elementor-element elementor-element-01227da elementor-widget elementor-widget-heading\" data-id=\"01227da\" data-element_type=\"widget\" data-e-type=\"widget\" data-widget_type=\"heading.default\">\n\t\t\t\t\t<h2 class=\"elementor-heading-title elementor-size-default\">About the Society<\/h2>\t\t\t\t<\/div>\n\t\t\t\t<div class=\"elementor-element elementor-element-21010c9 elementor-widget elementor-widget-text-editor\" data-id=\"21010c9\" data-element_type=\"widget\" data-e-type=\"widget\" data-widget_type=\"text-editor.default\">\n\t\t\t\t\t\t\t\t\t<p>The Polish Philosophical Society (Polskie Towarzystwo Filozoficzne, PTF)<span style=\"font-weight: 400;\"> is a nationwide scholarly association of philosophers established on February 12th, 1904, in Lviv. It continues the traditions of several earlier philosophical societies operating in Krak\u00f3w, Warsaw, Pozna\u0144, and Vilnius, as after World War II, it unified all existing philosophical societies in Poland. The PTF is a member of the International Federation of Philosophical Societies (FISP).<\/span><\/p><p><span style=\"font-weight: 400;\">The organizational structure of the PTF includes a Main Board, a Review Committee, a Peer Court, and a network of 22 regional branches located in major academic centers across Poland (including Warsaw, Krak\u00f3w, Pozna\u0144, Wroc\u0142aw, Gda\u0144sk, Katowice, Lublin, and Toru\u0144). The Society maintains an archive and a historical library comprising several thousand volumes. Since 1911, its official journal has been <\/span><i><span style=\"font-weight: 400;\">Ruch Filozoficzny<\/span><\/i><span style=\"font-weight: 400;\">.<\/span><\/p><p><span style=\"font-weight: 400;\">The distinguished presidents of the PTF included Kazimierz Twardowski, Tadeusz Kotarbi\u0144ski, Klemens Szaniawski, and W\u0142adys\u0142aw Str\u00f3\u017cewski; the society\u2019s present president is Pawe\u0142 \u0141uk\u00f3w. The PTF organizes the National Philosophy Olympiad for secondary school students and the philosophical competition <\/span><i><span style=\"font-weight: 400;\">On the Road to Wisdom<\/span><\/i><span style=\"font-weight: 400;\"> for primary school pupils. <\/span><\/p>\t\t\t\t\t\t\t\t<\/div>\n\t\t\t\t<\/div>\n\t\t<div class=\"elementor-element elementor-element-673f245 e-con-full e-flex e-con e-child\" data-id=\"673f245\" data-element_type=\"container\" data-e-type=\"container\">\n\t\t\t\t<div class=\"elementor-element elementor-element-680440b elementor-widget elementor-widget-heading\" data-id=\"680440b\" data-element_type=\"widget\" data-e-type=\"widget\" data-widget_type=\"heading.default\">\n\t\t\t\t\t<h2 class=\"elementor-heading-title elementor-size-default\">About the Faculty<\/h2>\t\t\t\t<\/div>\n\t\t\t\t<div class=\"elementor-element elementor-element-27a651e elementor-widget elementor-widget-text-editor\" data-id=\"27a651e\" data-element_type=\"widget\" data-e-type=\"widget\" data-widget_type=\"text-editor.default\">\n\t\t\t\t\t\t\t\t\t<p><span style=\"font-weight: 400;\">The Faculty of Philosophy of the University of Warsaw is the largest philosophy faculty in Poland, enjoying a strong reputation as a dynamic research center that collaborates with scholars and institutions from around the world. The Faculty educates over 600 students in programs such as Philosophy (BA and MA), International Studies in Philosophy (a BA taught entirely in English), Cognitive Science (BA), Bioethics (MA), and Artificial Intelligence and Cognitive Science (part-time BA). In addition, the Faculty of Philosophy offers postgraduate programs in philosophy and bioethics.<\/span><\/p><p><span style=\"font-weight: 400;\">At the Faculty, students develop analytical, critical, and creative thinking skills, as well as the ability to engage in academic collaboration and carry out innovative, often interdisciplinary projects. As a result, the Faculty of Philosophy of the University of Warsaw fosters comprehensive personal and intellectual development, preparing students to face the challenges of a changing world and to take responsibility for its future.<\/span><\/p><p><span style=\"font-weight: 400;\">Such a rich and comprehensive educational offer is grounded in high-quality scholarly research conducted by the Faculty\u2019s academic staff, who carry out numerous research projects and collaborate with leading research centers worldwide.<\/span><\/p>\t\t\t\t\t\t\t\t<\/div>\n\t\t\t\t<\/div>\n\t\t<div class=\"elementor-element elementor-element-8a740d6 e-con-full e-flex e-con e-child\" data-id=\"8a740d6\" data-element_type=\"container\" data-e-type=\"container\">\n\t\t\t\t<div class=\"elementor-element elementor-element-6c5801b elementor-widget elementor-widget-heading\" data-id=\"6c5801b\" data-element_type=\"widget\" data-e-type=\"widget\" data-widget_type=\"heading.default\">\n\t\t\t\t\t<h2 class=\"elementor-heading-title elementor-size-default\">About the University<\/h2>\t\t\t\t<\/div>\n\t\t\t\t<div class=\"elementor-element elementor-element-35833bd elementor-widget elementor-widget-text-editor\" data-id=\"35833bd\" data-element_type=\"widget\" data-e-type=\"widget\" data-widget_type=\"text-editor.default\">\n\t\t\t\t\t\t\t\t\t<p><span style=\"font-weight: 400;\">In November, the University of Warsaw will celebrate its 210th anniversary. The University was founded in 1816 under the name Royal University of Warsaw. It is the largest and highest-ranked institution of higher education in Poland, as well as one of the oldest, and the longest continuously operating university in the capital city.<\/span><\/p><p><span style=\"font-weight: 400;\">More than 37,000 students are currently enrolled at the University, and nearly 2,000 doctoral candidates are working on their dissertations. The academic staff comprises over 4,000 researchers and teachers. This prestigious institution consists of 25 faculties, including the Faculty of Philosophy.<\/span><\/p><p><span style=\"font-weight: 400;\">University staff and academic units maintain extensive international cooperation with over 1,000 partner institutions, both abroad and within Poland.<\/span><\/p>\t\t\t\t\t\t\t\t<\/div>\n\t\t\t\t<\/div>\n\t\t\t\t<\/div>\n\t\t\t\t<\/div>\n\t\t\t\t\t<\/div>\n\t\t\t\t<\/div>\n\t\t<div class=\"elementor-element elementor-element-76fb7e8 e-flex e-con-boxed e-con e-parent\" data-id=\"76fb7e8\" data-element_type=\"container\" data-e-type=\"container\">\n\t\t\t\t\t<div class=\"e-con-inner\">\n\t\t<div class=\"elementor-element elementor-element-6da9cf7 e-con-full eael_liquid_glass_shadow-effect4 e-flex eael_liquid_glass-effect1 e-con e-child\" data-id=\"6da9cf7\" data-element_type=\"container\" data-e-type=\"container\">\n\t\t\t\t<div class=\"elementor-element elementor-element-a8d7397 elementor-widget elementor-widget-heading\" data-id=\"a8d7397\" data-element_type=\"widget\" data-e-type=\"widget\" data-widget_type=\"heading.default\">\n\t\t\t\t\t<h2 class=\"elementor-heading-title elementor-size-default\">National Organization Committee<\/h2>\t\t\t\t<\/div>\n\t\t\t\t<div class=\"elementor-element elementor-element-3cade92 elementor-widget-divider--view-line elementor-widget elementor-widget-divider\" data-id=\"3cade92\" data-element_type=\"widget\" data-e-type=\"widget\" data-widget_type=\"divider.default\">\n\t\t\t\t\t\t\t<div class=\"elementor-divider\">\n\t\t\t<span class=\"elementor-divider-separator\">\n\t\t\t\t\t\t<\/span>\n\t\t<\/div>\n\t\t\t\t\t\t<\/div>\n\t\t\t\t<div class=\"elementor-element elementor-element-7c6c645 elementor-widget elementor-widget-text-editor\" data-id=\"7c6c645\" data-element_type=\"widget\" data-e-type=\"widget\" data-widget_type=\"text-editor.default\">\n\t\t\t\t\t\t\t\t\t<p>Magdalena Gawin &#8211; Head of NOC<br \/>Agnieszka Nogal &#8211; Deputy Head\u00a0<br \/>Katarzyna Ku\u015b<br \/>Witold Hensel\u00a0<br \/>Bartosz Dzia\u0142oszy\u0144ski<br \/>Jakub Zawi\u0142a-Nied\u017awiecki\u00a0<br \/>Piotr Paszkowski<br \/>Mateusz Mularczyk<br \/>Justyna Olesiejuk<\/p>\t\t\t\t\t\t\t\t<\/div>\n\t\t\t\t<\/div>\n\t\t<div class=\"elementor-element elementor-element-397e756 e-con-full eael_liquid_glass_shadow-effect4 e-flex eael_liquid_glass-effect1 e-con e-child\" data-id=\"397e756\" data-element_type=\"container\" data-e-type=\"container\" data-settings=\"{&quot;background_background&quot;:&quot;gradient&quot;}\">\n\t\t\t\t<div class=\"elementor-element elementor-element-cdca7f4 elementor-widget elementor-widget-text-editor\" data-id=\"cdca7f4\" data-element_type=\"widget\" data-e-type=\"widget\" data-widget_type=\"text-editor.default\">\n\t\t\t\t\t\t\t\t\t<p style=\"text-align: center;\">The International Philosophy Olympiad in Poland would not have been possible without the contribution of individuals who are not official members of the Organizing Committee.<\/p><p style=\"text-align: center;\"><br \/><strong>Prof. Pawe\u0142 \u0141uk\u00f3w<\/strong>, Dean of the Faculty of Philosophy at the University of Warsaw and President of the Polish Philosophical Society, <strong>provided comprehensive organizational support.<\/strong><\/p><p>\u00a0<\/p><p style=\"text-align: center;\">The experimental philosopher<strong> Dr. Bartosz Ma\u0107kiewicz<\/strong> developed the <strong>registration system and the platform for essay submission and evaluation<\/strong>.<\/p><p>\u00a0<\/p><p style=\"text-align: center;\">The philosopher of language <strong>Dr. Filip Kawczy\u0144ski designed the main website of the Olympiad, the logo, and the overall visual identity<\/strong> of the event.<\/p>\t\t\t\t\t\t\t\t<\/div>\n\t\t\t\t<\/div>\n\t\t\t\t\t<\/div>\n\t\t\t\t<\/div>\n\t\t\t\t<\/div>\n\t\t","protected":false},"excerpt":{"rendered":"<p>Organizers: About the Society The Polish Philosophical Society (Polskie Towarzystwo Filozoficzne, PTF) is a nationwide scholarly association of philosophers established [&hellip;]<\/p>\n","protected":false},"author":1,"featured_media":0,"parent":0,"menu_order":1,"comment_status":"closed","ping_status":"closed","template":"elementor_header_footer","meta":{"site-sidebar-layout":"no-sidebar","site-content-layout":"","ast-site-content-layout":"full-width-container","site-content-style":"default","site-sidebar-style":"default","ast-global-header-display":"","ast-banner-title-visibility":"","ast-main-header-display":"","ast-hfb-above-header-display":"","ast-hfb-below-header-display":"","ast-hfb-mobile-header-display":"","site-post-title":"","ast-breadcrumbs-content":"","ast-featured-img":"disabled","footer-sml-layout":"","ast-disable-related-posts":"","theme-transparent-header-meta":"","adv-header-id-meta":"","stick-header-meta":"","header-above-stick-meta":"","header-main-stick-meta":"","header-below-stick-meta":"","astra-migrate-meta-layouts":"default","ast-page-background-enabled":"default","ast-page-background-meta":{"desktop":{"background-color":"var(--ast-global-color-5)","background-image":"","background-repeat":"repeat","background-position":"center center","background-size":"auto","background-attachment":"scroll","background-type":"","background-media":"","overlay-type":"","overlay-color":"","overlay-opacity":"","overlay-gradient":""},"tablet":{"background-color":"","background-image":"","background-repeat":"repeat","background-position":"center center","background-size":"auto","background-attachment":"scroll","background-type":"","background-media":"","overlay-type":"","overlay-color":"","overlay-opacity":"","overlay-gradient":""},"mobile":{"background-color":"","background-image":"","background-repeat":"repeat","background-position":"center center","background-size":"auto","background-attachment":"scroll","background-type":"","background-media":"","overlay-type":"","overlay-color":"","overlay-opacity":"","overlay-gradient":""}},"ast-content-background-meta":{"desktop":{"background-color":"var(--ast-global-color-4)","background-image":"","background-repeat":"repeat","background-position":"center center","background-size":"auto","background-attachment":"scroll","background-type":"","background-media":"","overlay-type":"","overlay-color":"","overlay-opacity":"","overlay-gradient":""},"tablet":{"background-color":"var(--ast-global-color-4)","background-image":"","background-repeat":"repeat","background-position":"center center","background-size":"auto","background-attachment":"scroll","background-type":"","background-media":"","overlay-type":"","overlay-color":"","overlay-opacity":"","overlay-gradient":""},"mobile":{"background-color":"var(--ast-global-color-4)","background-image":"","background-repeat":"repeat","background-position":"center center","background-size":"auto","background-attachment":"scroll","background-type":"","background-media":"","overlay-type":"","overlay-color":"","overlay-opacity":"","overlay-gradient":""}},"footnotes":""},"class_list":["post-52","page","type-page","status-publish","hentry"],"_links":{"self":[{"href":"https:\/\/ipo2026.uw.edu.pl\/index.php?rest_route=\/wp\/v2\/pages\/52","targetHints":{"allow":["GET"]}}],"collection":[{"href":"https:\/\/ipo2026.uw.edu.pl\/index.php?rest_route=\/wp\/v2\/pages"}],"about":[{"href":"https:\/\/ipo2026.uw.edu.pl\/index.php?rest_route=\/wp\/v2\/types\/page"}],"author":[{"embeddable":true,"href":"https:\/\/ipo2026.uw.edu.pl\/index.php?rest_route=\/wp\/v2\/users\/1"}],"replies":[{"embeddable":true,"href":"https:\/\/ipo2026.uw.edu.pl\/index.php?rest_route=%2Fwp%2Fv2%2Fcomments&post=52"}],"version-history":[{"count":98,"href":"https:\/\/ipo2026.uw.edu.pl\/index.php?rest_route=\/wp\/v2\/pages\/52\/revisions"}],"predecessor-version":[{"id":570,"href":"https:\/\/ipo2026.uw.edu.pl\/index.php?rest_route=\/wp\/v2\/pages\/52\/revisions\/570"}],"wp:attachment":[{"href":"https:\/\/ipo2026.uw.edu.pl\/index.php?rest_route=%2Fwp%2Fv2%2Fmedia&parent=52"}],"curies":[{"name":"wp","href":"https:\/\/api.w.org\/{rel}","templated":true}]}}